{"id":160,"date":"2025-04-08T12:27:08","date_gmt":"2025-04-08T10:27:08","guid":{"rendered":"https:\/\/hrpark.hu\/?page_id=160"},"modified":"2026-02-16T14:25:18","modified_gmt":"2026-02-16T13:25:18","slug":"keksmilchkarton","status":"publish","type":"page","link":"https:\/\/hrpark.hu\/de\/keksmilchkarton\/","title":{"rendered":"Infoblatt f\u00fcr Cookies"},"content":{"rendered":"<div data-elementor-type=\"wp-page\" data-elementor-id=\"160\" class=\"elementor elementor-160\" data-elementor-post-type=\"page\">\n\t\t\t\t<div class=\"elementor-element elementor-element-41d306d e-flex e-con-boxed e-con e-parent\" data-id=\"41d306d\" data-element_type=\"container\" data-e-type=\"container\" data-settings=\"{&quot;background_background&quot;:&quot;gradient&quot;}\">\n\t\t\t\t\t<div class=\"e-con-inner\">\n\t\t\t\t<div class=\"elementor-element elementor-element-96331c3 elementor-widget elementor-widget-heading\" data-id=\"96331c3\" data-element_type=\"widget\" data-e-type=\"widget\" data-widget_type=\"heading.default\">\n\t\t\t\t<div class=\"elementor-widget-container\">\n\t\t\t\t\t<h1 class=\"elementor-heading-title elementor-size-default\">Infoblatt f\u00fcr Cookies<\/h1>\t\t\t\t<\/div>\n\t\t\t\t<\/div>\n\t\t\t\t<div class=\"elementor-element elementor-element-3c9237d elementor-align-center elementor-widget elementor-widget-button\" data-id=\"3c9237d\" data-element_type=\"widget\" data-e-type=\"widget\" data-widget_type=\"button.default\">\n\t\t\t\t<div class=\"elementor-widget-container\">\n\t\t\t\t\t\t\t\t\t<div class=\"elementor-button-wrapper\">\n\t\t\t\t\t<a class=\"elementor-button elementor-button-link elementor-size-sm\" href=\"https:\/\/hrpark.hu\/de\">\n\t\t\t\t\t\t<span class=\"elementor-button-content-wrapper\">\n\t\t\t\t\t\t<span class=\"elementor-button-icon\">\n\t\t\t\t<svg aria-hidden=\"true\" class=\"e-font-icon-svg e-fas-long-arrow-alt-right\" viewbox=\"0 0 448 512\" xmlns=\"http:\/\/www.w3.org\/2000\/svg\"><path d=\"M313.941 216H12c-6.627 0-12 5.373-12 12v56c0 6.627 5.373 12 12 12h301.941v46.059c0 21.382 25.851 32.09 40.971 16.971l86.059-86.059c9.373-9.373 9.373-24.569 0-33.941l-86.059-86.059c-15.119-15.119-40.971-4.411-40.971 16.971V216z\"><\/path><\/svg>\t\t\t<\/span>\n\t\t\t\t\t\t\t\t\t<span class=\"elementor-button-text\">Zur\u00fcck zur Hauptseite<\/span>\n\t\t\t\t\t<\/span>\n\t\t\t\t\t<\/a>\n\t\t\t\t<\/div>\n\t\t\t\t\t\t\t\t<\/div>\n\t\t\t\t<\/div>\n\t\t\t\t\t<\/div>\n\t\t\t\t<\/div>\n\t\t<div class=\"elementor-element elementor-element-1ed78ee e-flex e-con-boxed e-con e-parent\" data-id=\"1ed78ee\" data-element_type=\"container\" data-e-type=\"container\">\n\t\t\t\t\t<div class=\"e-con-inner\">\n\t\t\t\t<div class=\"elementor-element elementor-element-aa76a8c elementor-widget__width-inherit link elementor-widget elementor-widget-text-editor\" data-id=\"aa76a8c\" data-element_type=\"widget\" data-e-type=\"widget\" data-widget_type=\"text-editor.default\">\n\t\t\t\t<div class=\"elementor-widget-container\">\n\t\t\t\t\t\t\t\t\t<p>Inkrafttreten: 1. Juli 2025.<\/p>\n<p>Diese Cookie-Richtlinie richtet sich an die Besucher der von HR Park, 1134 Budapest, V\u00e1ci \u00fat 45, betriebenen Website www.hrpark.hu (nachstehend \"Website\" genannt). Unser Ziel ist es, Sie auf transparente Weise \u00fcber die Arten von Cookies zu informieren, die wir verwenden, und \u00fcber die Einstellungen, die Sie vornehmen k\u00f6nnen.<\/p>\n<p><strong>1. was sind Cookies?<\/strong><\/p>\n<p>Cookies sind kleine Datendateien, die Ihr Browser auf Ihrem Computer oder einem anderen Ger\u00e4t speichert, wenn Sie unsere Website besuchen. Cookies enthalten keinen ausf\u00fchrbaren Programmcode, keine Viren oder Spyware und greifen nicht auf andere Daten auf Ihrem Computer zu.<\/p>\n<p><strong>2. welche Cookies verwenden wir?<\/strong><\/p>\n<ol>\n<li>a) Wesentliche (f\u00fcr den Betrieb notwendige) Cookies<br>Diese Cookies sind f\u00fcr das grundlegende Funktionieren der Website unerl\u00e4sslich, z. B. f\u00fcr die sichere Anmeldung oder Navigation. F\u00fcr sie ist keine besondere Zustimmung erforderlich.<\/li>\n<li>b) Statistische (analytische) Cookies<br>Sie helfen uns zu verstehen, wie unsere Besucher die Website nutzen (z. B. welche Seiten sie sich ansehen, wie viel Zeit sie dort verbringen), damit wir die Benutzerfreundlichkeit verbessern k\u00f6nnen. Sie werden nur mit Ihrer vorherigen Zustimmung aktiviert.<\/li>\n<li>c) Cookies f\u00fcr Marketingzwecke<br>Sie k\u00f6nnen von Dritten (z. B. Google, Facebook) gesetzt werden, um Ihnen personalisierte Werbung zu zeigen. Wir bitten Sie auch um Ihre Zustimmung zur Verwendung von Marketing-Cookies.<\/li>\n<\/ol>\n<p><strong><br>3) Cookies von Dritten<\/strong><\/p>\n<p>Unsere Website kann Cookies von Drittanbietern verwenden, wie z. B.:<br>- Google Analytics (f\u00fcr Besucherstatistiken)<br>- Facebook Pixel (zur Messung der Wirksamkeit von Marketingkampagnen)<\/p>\n<p>Diese unterliegen den eigenen Datenschutzrichtlinien der Dienstanbieter.<\/p>\n<p><strong>4. die Verwaltung der Zustimmung<\/strong><\/p>\n<p>Auf der Schnittstelle zur Cookie-Verwaltung, die beim ersten Besuch unserer Website angezeigt wird, haben Sie die M\u00f6glichkeit, dies zu tun:<br>- alle Cookies akzeptieren,<br>- w\u00e4hlen, zu welchen Kategorien Sie beitragen m\u00f6chten,<br>- Cookies abzulehnen, die nicht notwendig sind.<\/p>\n<p>Sie k\u00f6nnen die Einstellungen jederzeit \u00fcber den Link \"Cookie-Einstellungen\" in der Fu\u00dfzeile \u00e4ndern.<\/p>\n<p><strong>5. wie k\u00f6nnen Sie Cookies l\u00f6schen?<\/strong><\/p>\n<p>Die meisten Browser akzeptieren Cookies standardm\u00e4\u00dfig, aber Sie k\u00f6nnen diese Einstellung jederzeit \u00e4ndern. Die nachstehenden Links f\u00fchren Sie zu den Einstellungsanweisungen der g\u00e4ngigsten Browser:<\/p>\n<p>- Google Chrome: https:\/\/support.google.com\/accounts\/answer\/61416?hl=hu<br>- Mozilla Firefox: https:\/\/support.mozilla.org\/hu\/kb\/sutik-engedelyezese-es-tiltasa-amit-weboldak-hasznaln<br>- Microsoft Edge: https:\/\/support.microsoft.com\/hu-hu\/microsoft-edge<br>- Safari: https:\/\/support.apple.com\/hu-hu\/guide\/safari\/sfri11471\/mac<\/p>\n<p><strong>6. kontaktiert uns<\/strong><\/p>\n<p>Wenn Sie Fragen zu unserer Cookie-Politik haben, kontaktieren Sie uns bitte:<\/p>\n<p>E-Mail: <a href=\"mailto:info@hrpark.hu\">info@hrpark.hu<\/a><br>Postanschrift: 1133 Budapest, V\u00e1ci \u00fat 76.<\/p>\n<p>Aktualisiert: 1. Juli 2025.<br>Die Cookie-Richtlinie kann von Zeit zu Zeit aktualisiert werden. Bitte besuchen Sie uns regelm\u00e4\u00dfig, um aktuelle Informationen zu erhalten.<\/p>\t\t\t\t\t\t\t\t<\/div>\n\t\t\t\t<\/div>\n\t\t\t\t\t<\/div>\n\t\t\t\t<\/div>\n\t\t\t\t<\/div>","protected":false},"excerpt":{"rendered":"<p>Vissza a f\u0151oldalra Hat\u00e1lyos: 2025. j\u00falius 1. Ez a cookie szab\u00e1lyzat a www.hrpark.hu weboldal (a tov\u00e1bbiakban: \u201eWeboldal\u201d) l\u00e1togat\u00f3i sz\u00e1m\u00e1ra k\u00e9sz\u00fclt, amelyet a HR Park (sz\u00e9khely: 1134 Budapest, V\u00e1ci \u00fat 45.) \u00fczemeltet. C\u00e9lunk, hogy \u00e1tl\u00e1that\u00f3 m\u00f3don t\u00e1j\u00e9koztassuk \u00d6nt arr\u00f3l, milyen t\u00edpus\u00fa s\u00fctiket haszn\u00e1lunk, \u00e9s \u00d6n milyen be\u00e1ll\u00edt\u00e1si lehet\u0151s\u00e9gekkel \u00e9lhet. 1. Mik azok a s\u00fctik (cookie-k)? A [&hellip;]<\/p>","protected":false},"author":1,"featured_media":0,"parent":0,"menu_order":0,"comment_status":"closed","ping_status":"closed","template":"elementor_header_footer","meta":{"_seopress_robots_primary_cat":"","_seopress_titles_title":"","_seopress_titles_desc":"","_seopress_robots_index":"yes","footnotes":""},"class_list":["post-160","page","type-page","status-publish","hentry"],"_links":{"self":[{"href":"https:\/\/hrpark.hu\/de\/wp-json\/wp\/v2\/pages\/160","targetHints":{"allow":["GET"]}}],"collection":[{"href":"https:\/\/hrpark.hu\/de\/wp-json\/wp\/v2\/pages"}],"about":[{"href":"https:\/\/hrpark.hu\/de\/wp-json\/wp\/v2\/types\/page"}],"author":[{"embeddable":true,"href":"https:\/\/hrpark.hu\/de\/wp-json\/wp\/v2\/users\/1"}],"replies":[{"embeddable":true,"href":"https:\/\/hrpark.hu\/de\/wp-json\/wp\/v2\/comments?post=160"}],"version-history":[{"count":6,"href":"https:\/\/hrpark.hu\/de\/wp-json\/wp\/v2\/pages\/160\/revisions"}],"predecessor-version":[{"id":1409,"href":"https:\/\/hrpark.hu\/de\/wp-json\/wp\/v2\/pages\/160\/revisions\/1409"}],"wp:attachment":[{"href":"https:\/\/hrpark.hu\/de\/wp-json\/wp\/v2\/media?parent=160"}],"curies":[{"name":"wp","href":"https:\/\/api.w.org\/{rel}","templated":true}]}}