{"id":168,"date":"2025-04-08T12:29:03","date_gmt":"2025-04-08T10:29:03","guid":{"rendered":"https:\/\/hrpark.hu\/?page_id=168"},"modified":"2025-06-30T15:20:38","modified_gmt":"2025-06-30T13:20:38","slug":"link-zum-artikel","status":"publish","type":"page","link":"https:\/\/hrpark.hu\/de\/link-zum-artikel\/","title":{"rendered":"Link zum Artikel"},"content":{"rendered":"<div data-elementor-type=\"wp-page\" data-elementor-id=\"168\" class=\"elementor elementor-168\" data-elementor-post-type=\"page\">\n\t\t\t\t<div class=\"elementor-element elementor-element-66fe922 e-flex e-con-boxed e-con e-parent\" data-id=\"66fe922\" data-element_type=\"container\" data-e-type=\"container\" data-settings=\"{&quot;background_background&quot;:&quot;classic&quot;}\">\n\t\t\t\t\t<div class=\"e-con-inner\">\n\t\t<div class=\"elementor-element elementor-element-f70672b e-con-full e-flex e-con e-child\" data-id=\"f70672b\" data-element_type=\"container\" data-e-type=\"container\">\n\t\t\t\t<div class=\"elementor-element elementor-element-701387e elementor-widget elementor-widget-image\" data-id=\"701387e\" data-element_type=\"widget\" data-e-type=\"widget\" data-widget_type=\"image.default\">\n\t\t\t\t<div class=\"elementor-widget-container\">\n\t\t\t\t\t\t\t\t\t\t\t\t\t\t\t\t<a href=\"https:\/\/hrpark.hu\/de\">\n\t\t\t\t\t\t\t<img alt=\"\" fetchpriority=\"high\" decoding=\"async\" width=\"800\" height=\"800\" src=\"https:\/\/hrpark.hu\/wp-content\/uploads\/2025\/04\/HR_PARK_LOGO-300dpi.png\" class=\"attachment-large size-large wp-image-1025\" srcset=\"https:\/\/hrpark.hu\/wp-content\/uploads\/2025\/04\/HR_PARK_LOGO-300dpi.png 957w, https:\/\/hrpark.hu\/wp-content\/uploads\/2025\/04\/HR_PARK_LOGO-300dpi-300x300.png 300w, https:\/\/hrpark.hu\/wp-content\/uploads\/2025\/04\/HR_PARK_LOGO-300dpi-150x150.png 150w, https:\/\/hrpark.hu\/wp-content\/uploads\/2025\/04\/HR_PARK_LOGO-300dpi-768x768.png 768w\" sizes=\"(max-width: 800px) 100vw, 800px\" \/>\t\t\t\t\t\t\t\t<\/a>\n\t\t\t\t\t\t\t\t\t\t\t\t\t\t\t<\/div>\n\t\t\t\t<\/div>\n\t\t\t\t<div class=\"elementor-element elementor-element-74a8acd elementor-widget elementor-widget-heading\" data-id=\"74a8acd\" data-element_type=\"widget\" data-e-type=\"widget\" data-widget_type=\"heading.default\">\n\t\t\t\t<div class=\"elementor-widget-container\">\n\t\t\t\t\t<h2 class=\"elementor-heading-title elementor-size-default\">HR-Park<\/h2>\t\t\t\t<\/div>\n\t\t\t\t<\/div>\n\t\t\t\t<div class=\"elementor-element elementor-element-5a82bf8 elementor-widget elementor-widget-heading\" data-id=\"5a82bf8\" data-element_type=\"widget\" data-e-type=\"widget\" data-widget_type=\"heading.default\">\n\t\t\t\t<div class=\"elementor-widget-container\">\n\t\t\t\t\t<h1 class=\"elementor-heading-title elementor-size-default\">Link zum Artikel<\/h1>\t\t\t\t<\/div>\n\t\t\t\t<\/div>\n\t\t\t\t<div class=\"elementor-element elementor-element-89e5c94 elementor-align-justify elementor-widget elementor-widget-button\" data-id=\"89e5c94\" data-element_type=\"widget\" data-e-type=\"widget\" data-widget_type=\"button.default\">\n\t\t\t\t<div class=\"elementor-widget-container\">\n\t\t\t\t\t\t\t\t\t<div class=\"elementor-button-wrapper\">\n\t\t\t\t\t<a class=\"elementor-button elementor-button-link elementor-size-sm elementor-animation-pulse-shrink\" href=\"#ajanlatkeres\">\n\t\t\t\t\t\t<span class=\"elementor-button-content-wrapper\">\n\t\t\t\t\t\t\t\t\t<span class=\"elementor-button-text\">Anfrage f\u00fcr ein Angebot<\/span>\n\t\t\t\t\t<\/span>\n\t\t\t\t\t<\/a>\n\t\t\t\t<\/div>\n\t\t\t\t\t\t\t\t<\/div>\n\t\t\t\t<\/div>\n\t\t\t\t<\/div>\n\t\t<div class=\"elementor-element elementor-element-d274da0 e-con-full elementor-hidden-tablet elementor-hidden-mobile e-flex e-con e-child\" data-id=\"d274da0\" data-element_type=\"container\" data-e-type=\"container\">\n\t\t\t\t<div class=\"elementor-element elementor-element-80ec570 elementor-icon-list--layout-traditional elementor-list-item-link-full_width elementor-widget elementor-widget-icon-list\" data-id=\"80ec570\" data-element_type=\"widget\" data-e-type=\"widget\" data-widget_type=\"icon-list.default\">\n\t\t\t\t<div class=\"elementor-widget-container\">\n\t\t\t\t\t\t\t<ul class=\"elementor-icon-list-items\">\n\t\t\t\t\t\t\t<li class=\"elementor-icon-list-item\">\n\t\t\t\t\t\t\t\t\t\t\t<a href=\"https:\/\/hrpark.hu\/de\/#kik-vagyunk\">\n\n\t\t\t\t\t\t\t\t\t\t\t<span class=\"elementor-icon-list-text\">Wer sind wir?<\/span>\n\t\t\t\t\t\t\t\t\t\t\t<\/a>\n\t\t\t\t\t\t\t\t\t<\/li>\n\t\t\t\t\t\t\t\t<li class=\"elementor-icon-list-item\">\n\t\t\t\t\t\t\t\t\t\t\t<a href=\"https:\/\/hrpark.hu\/de\/unsere-service-tatas\/\">\n\n\t\t\t\t\t\t\t\t\t\t\t<span class=\"elementor-icon-list-text\">Unsere Dienstleistungen<\/span>\n\t\t\t\t\t\t\t\t\t\t\t<\/a>\n\t\t\t\t\t\t\t\t\t<\/li>\n\t\t\t\t\t\t\t\t<li class=\"elementor-icon-list-item\">\n\t\t\t\t\t\t\t\t\t\t\t<a href=\"https:\/\/hrpark.hu\/de\/#referenciak\">\n\n\t\t\t\t\t\t\t\t\t\t\t<span class=\"elementor-icon-list-text\">Unsere Referenzen<\/span>\n\t\t\t\t\t\t\t\t\t\t\t<\/a>\n\t\t\t\t\t\t\t\t\t<\/li>\n\t\t\t\t\t\t\t\t<li class=\"elementor-icon-list-item\">\n\t\t\t\t\t\t\t\t\t\t\t<a href=\"https:\/\/hrpark.hu\/de\/link-zum-artikel\/\">\n\n\t\t\t\t\t\t\t\t\t\t\t<span class=\"elementor-icon-list-text\">Link zum Artikel<\/span>\n\t\t\t\t\t\t\t\t\t\t\t<\/a>\n\t\t\t\t\t\t\t\t\t<\/li>\n\t\t\t\t\t\t\t\t<li class=\"elementor-icon-list-item\">\n\t\t\t\t\t\t\t\t\t\t\t<a href=\"\/de\/kontakt\/\">\n\n\t\t\t\t\t\t\t\t\t\t\t<span class=\"elementor-icon-list-text\">Kontakt<\/span>\n\t\t\t\t\t\t\t\t\t\t\t<\/a>\n\t\t\t\t\t\t\t\t\t<\/li>\n\t\t\t\t\t\t<\/ul>\n\t\t\t\t\t\t<\/div>\n\t\t\t\t<\/div>\n\t\t\t\t<div class=\"elementor-element elementor-element-7d76943 e-grid-align-left elementor-shape-rounded elementor-grid-0 elementor-widget elementor-widget-social-icons\" data-id=\"7d76943\" data-element_type=\"widget\" data-e-type=\"widget\" data-widget_type=\"social-icons.default\">\n\t\t\t\t<div class=\"elementor-widget-container\">\n\t\t\t\t\t\t\t<div class=\"elementor-social-icons-wrapper elementor-grid\">\n\t\t\t\t\t\t\t<span class=\"elementor-grid-item\">\n\t\t\t\t\t<a class=\"elementor-icon elementor-social-icon elementor-social-icon-facebook elementor-repeater-item-9ea9a56\" href=\"https:\/\/www.facebook.com\/profile.php?id=100060572641272\" target=\"_blank\">\n\t\t\t\t\t\t<span class=\"elementor-screen-only\">Facebook<\/span>\n\t\t\t\t\t\t<svg aria-hidden=\"true\" class=\"e-font-icon-svg e-fab-facebook\" viewbox=\"0 0 512 512\" xmlns=\"http:\/\/www.w3.org\/2000\/svg\"><path d=\"M504 256C504 119 393 8 256 8S8 119 8 256c0 123.78 90.69 226.38 209.25 245V327.69h-63V256h63v-54.64c0-62.15 37-96.48 93.67-96.48 27.14 0 55.52 4.84 55.52 4.84v61h-31.28c-30.8 0-40.41 19.12-40.41 38.73V256h68.78l-11 71.69h-57.78V501C413.31 482.38 504 379.78 504 256z\"><\/path><\/svg>\t\t\t\t\t<\/a>\n\t\t\t\t<\/span>\n\t\t\t\t\t<\/div>\n\t\t\t\t\t\t<\/div>\n\t\t\t\t<\/div>\n\t\t\t\t<\/div>\n\t\t\t\t\t<\/div>\n\t\t\t\t<\/div>\n\t\t<div class=\"elementor-element elementor-element-95bdd6a e-flex e-con-boxed e-con e-parent\" data-id=\"95bdd6a\" data-element_type=\"container\" data-e-type=\"container\">\n\t\t\t\t\t<div class=\"e-con-inner\">\n\t\t\t\t<div class=\"elementor-element elementor-element-1fb88f7 elementor-grid-3 elementor-grid-tablet-2 elementor-grid-mobile-1 elementor-posts--thumbnail-top elementor-card-shadow-yes elementor-posts__hover-gradient elementor-widget elementor-widget-posts\" data-id=\"1fb88f7\" data-element_type=\"widget\" data-e-type=\"widget\" data-settings=\"{&quot;cards_columns&quot;:&quot;3&quot;,&quot;cards_columns_tablet&quot;:&quot;2&quot;,&quot;cards_columns_mobile&quot;:&quot;1&quot;,&quot;cards_row_gap&quot;:{&quot;unit&quot;:&quot;px&quot;,&quot;size&quot;:35,&quot;sizes&quot;:[]},&quot;cards_row_gap_tablet&quot;:{&quot;unit&quot;:&quot;px&quot;,&quot;size&quot;:&quot;&quot;,&quot;sizes&quot;:[]},&quot;cards_row_gap_mobile&quot;:{&quot;unit&quot;:&quot;px&quot;,&quot;size&quot;:&quot;&quot;,&quot;sizes&quot;:[]}}\" data-widget_type=\"posts.cards\">\n\t\t\t\t<div class=\"elementor-widget-container\">\n\t\t\t\t\t\t\t<div class=\"elementor-posts-container elementor-posts elementor-posts--skin-cards elementor-grid\" role=\"list\">\n\t\t\t\t<article class=\"elementor-post elementor-grid-item post-1164 post type-post status-publish format-standard has-post-thumbnail hentry category-uncategorized\" role=\"listitem\">\n\t\t\t<div class=\"elementor-post__card\">\n\t\t\t\t<a class=\"elementor-post__thumbnail__link\" href=\"https:\/\/hrpark.hu\/de\/hr-trends-in-ungarn-die-es-wert-sind-beachtet-zu-werden\/\" tabindex=\"-1\" ><div class=\"elementor-post__thumbnail\"><img alt=\"\" decoding=\"async\" width=\"2000\" height=\"1333\" src=\"https:\/\/hrpark.hu\/wp-content\/uploads\/2025\/06\/hr-trendek-magyarorszagon.jpg\" class=\"attachment-full size-full wp-image-1167\" srcset=\"https:\/\/hrpark.hu\/wp-content\/uploads\/2025\/06\/hr-trendek-magyarorszagon.jpg 2000w, https:\/\/hrpark.hu\/wp-content\/uploads\/2025\/06\/hr-trendek-magyarorszagon-300x200.jpg 300w, https:\/\/hrpark.hu\/wp-content\/uploads\/2025\/06\/hr-trendek-magyarorszagon-1024x682.jpg 1024w, https:\/\/hrpark.hu\/wp-content\/uploads\/2025\/06\/hr-trendek-magyarorszagon-768x512.jpg 768w, https:\/\/hrpark.hu\/wp-content\/uploads\/2025\/06\/hr-trendek-magyarorszagon-1536x1024.jpg 1536w\" sizes=\"(max-width: 2000px) 100vw, 2000px\" \/><\/div><\/a>\n\t\t\t\t<div class=\"elementor-post__text\">\n\t\t\t\t<h3 class=\"elementor-post__title\">\n\t\t\t<a href=\"https:\/\/hrpark.hu\/de\/hr-trends-in-ungarn-die-es-wert-sind-beachtet-zu-werden\/\" >\n\t\t\t\tHR-Trends in Ungarn - Herausforderungen, auf die man vorbereitet sein muss\t\t\t<\/a>\n\t\t<\/h3>\n\t\t\t\t<div class=\"elementor-post__excerpt\">\n\t\t\t<p>W\u00e4hrend sich die Welt st\u00e4ndig ver\u00e4ndert, kann die Arbeitswelt nicht statisch bleiben. Manager in heimischen Unternehmen sehen sich heute mit Fragen konfrontiert, die vor ein paar Jahren noch nicht einmal auf der Tagesordnung standen. Was passiert, wenn wir nicht die richtigen Leute f\u00fcr die Produktionslinie finden k\u00f6nnen? Wie lange werden junge Talente bleiben, wenn ein Konkurrent am n\u00e4chsten Tag ein Angebot macht? Welche Auswirkungen hat die<\/p>\n\t\t<\/div>\n\t\t\n\t\t<a class=\"elementor-post__read-more\" href=\"https:\/\/hrpark.hu\/de\/hr-trends-in-ungarn-die-es-wert-sind-beachtet-zu-werden\/\" aria-label=\"Read more about HR trendek Magyarorsz\u00e1gon \u2013 kih\u00edv\u00e1sok, amikre \u00e9rdemes felk\u00e9sz\u00fclni\" tabindex=\"-1\" >\n\t\t\tMehr lesen \"\t\t<\/a>\n\n\t\t\t\t<\/div>\n\t\t\t\t\t<\/div>\n\t\t<\/article>\n\t\t\t\t<article class=\"elementor-post elementor-grid-item post-1154 post type-post status-publish format-standard has-post-thumbnail hentry category-uncategorized\" role=\"listitem\">\n\t\t\t<div class=\"elementor-post__card\">\n\t\t\t\t<a class=\"elementor-post__thumbnail__link\" href=\"https:\/\/hrpark.hu\/de\/wann-wie-und-warum-man-die-personalabteilung-auslagert\/\" tabindex=\"-1\" ><div class=\"elementor-post__thumbnail\"><img alt=\"\" decoding=\"async\" width=\"2000\" height=\"1333\" src=\"https:\/\/hrpark.hu\/wp-content\/uploads\/2025\/06\/hr-outsourcing.jpg\" class=\"attachment-full size-full wp-image-1158\" srcset=\"https:\/\/hrpark.hu\/wp-content\/uploads\/2025\/06\/hr-outsourcing.jpg 2000w, https:\/\/hrpark.hu\/wp-content\/uploads\/2025\/06\/hr-outsourcing-300x200.jpg 300w, https:\/\/hrpark.hu\/wp-content\/uploads\/2025\/06\/hr-outsourcing-1024x682.jpg 1024w, https:\/\/hrpark.hu\/wp-content\/uploads\/2025\/06\/hr-outsourcing-768x512.jpg 768w, https:\/\/hrpark.hu\/wp-content\/uploads\/2025\/06\/hr-outsourcing-1536x1024.jpg 1536w\" sizes=\"(max-width: 2000px) 100vw, 2000px\" \/><\/div><\/a>\n\t\t\t\t<div class=\"elementor-post__text\">\n\t\t\t\t<h3 class=\"elementor-post__title\">\n\t\t\t<a href=\"https:\/\/hrpark.hu\/de\/wann-wie-und-warum-man-die-personalabteilung-auslagert\/\" >\n\t\t\t\tHR-Outsourcing - wann, warum und wie lohnt sich die Auslagerung?\t\t\t<\/a>\n\t\t<\/h3>\n\t\t\t\t<div class=\"elementor-post__excerpt\">\n\t\t\t<p>Die \u00fcberwiegende Mehrheit der Unternehmen sieht Outsourcing inzwischen eher als Chance denn als Problem. Doch in den K\u00f6pfen vieler Manager ist die Personalabteilung immer noch ein \"internes Thema\". Dabei kann eine gut durchdachte Outsourcing-L\u00f6sung nicht nur die Belastung verringern, sondern auch greifbare Gesch\u00e4ftsvorteile bringen. Aber wann lohnt es sich wirklich, die Personalabteilung auszulagern? Welche Ergebnisse k\u00f6nnen Sie erwarten?<\/p>\n\t\t<\/div>\n\t\t\n\t\t<a class=\"elementor-post__read-more\" href=\"https:\/\/hrpark.hu\/de\/wann-wie-und-warum-man-die-personalabteilung-auslagert\/\" aria-label=\"Read more about HR outsourcing \u2013 mikor, mi\u00e9rt \u00e9s hogyan \u00e9ri meg kiszervezni?\" tabindex=\"-1\" >\n\t\t\tMehr lesen \"\t\t<\/a>\n\n\t\t\t\t<\/div>\n\t\t\t\t\t<\/div>\n\t\t<\/article>\n\t\t\t\t<article class=\"elementor-post elementor-grid-item post-1150 post type-post status-publish format-standard has-post-thumbnail hentry category-uncategorized\" role=\"listitem\">\n\t\t\t<div class=\"elementor-post__card\">\n\t\t\t\t<a class=\"elementor-post__thumbnail__link\" href=\"https:\/\/hrpark.hu\/de\/welche-art-von-ausbildung-ihrer-organisation-wirklich-helfen-wird\/\" tabindex=\"-1\" ><div class=\"elementor-post__thumbnail\"><img alt=\"\" loading=\"lazy\" decoding=\"async\" width=\"2000\" height=\"1333\" src=\"https:\/\/hrpark.hu\/wp-content\/uploads\/2025\/04\/hr-csapat-hatterkep.jpg\" class=\"attachment-full size-full wp-image-275\" srcset=\"https:\/\/hrpark.hu\/wp-content\/uploads\/2025\/04\/hr-csapat-hatterkep.jpg 2000w, https:\/\/hrpark.hu\/wp-content\/uploads\/2025\/04\/hr-csapat-hatterkep-300x200.jpg 300w, https:\/\/hrpark.hu\/wp-content\/uploads\/2025\/04\/hr-csapat-hatterkep-1024x682.jpg 1024w, https:\/\/hrpark.hu\/wp-content\/uploads\/2025\/04\/hr-csapat-hatterkep-768x512.jpg 768w, https:\/\/hrpark.hu\/wp-content\/uploads\/2025\/04\/hr-csapat-hatterkep-1536x1024.jpg 1536w\" sizes=\"(max-width: 2000px) 100vw, 2000px\" \/><\/div><\/a>\n\t\t\t\t<div class=\"elementor-post__text\">\n\t\t\t\t<h3 class=\"elementor-post__title\">\n\t\t\t<a href=\"https:\/\/hrpark.hu\/de\/welche-art-von-ausbildung-ihrer-organisation-wirklich-helfen-wird\/\" >\n\t\t\t\tWelche Art von Schulung wird f\u00fcr Ihr Unternehmen einen echten Unterschied machen?\t\t\t<\/a>\n\t\t<\/h3>\n\t\t\t\t<div class=\"elementor-post__excerpt\">\n\t\t\t<p>Die meisten Unternehmensleiter betrachten die Personalentwicklung heute eher als eine Erwartung denn als ein Problem. Aber wenn so viele Menschen ihre Kollegen schulen, warum sehen wir dann nicht mehr echte Ver\u00e4nderungen? Woran liegt es, dass sich nach einer Schulung im Tagesgesch\u00e4ft wenig \u00e4ndert? Und wie k\u00f6nnen wir es anders machen? Die Antwort liegt nicht in einer neuen Methodik<\/p>\n\t\t<\/div>\n\t\t\n\t\t<a class=\"elementor-post__read-more\" href=\"https:\/\/hrpark.hu\/de\/welche-art-von-ausbildung-ihrer-organisation-wirklich-helfen-wird\/\" aria-label=\"Read more about Milyen tr\u00e9ningek hoznak val\u00f3di v\u00e1ltoz\u00e1st a szervezet\u00e9ben?\" tabindex=\"-1\" >\n\t\t\tMehr lesen \"\t\t<\/a>\n\n\t\t\t\t<\/div>\n\t\t\t\t\t<\/div>\n\t\t<\/article>\n\t\t\t\t<\/div>\n\t\t\n\t\t\t\t\t\t<\/div>\n\t\t\t\t<\/div>\n\t\t\t\t\t<\/div>\n\t\t\t\t<\/div>\n\t\t\t\t<\/div>","protected":false},"excerpt":{"rendered":"<p>HR Park Angebotsanforderung Wer sind wir? Unsere Dienstleistungen Unsere Referenzen Unsere Artikel Kontakt Facebook<\/p>","protected":false},"author":1,"featured_media":0,"parent":0,"menu_order":0,"comment_status":"closed","ping_status":"closed","template":"elementor_header_footer","meta":{"_seopress_robots_primary_cat":"","_seopress_titles_title":"","_seopress_titles_desc":"","_seopress_robots_index":"","footnotes":""},"class_list":["post-168","page","type-page","status-publish","hentry"],"_links":{"self":[{"href":"https:\/\/hrpark.hu\/de\/wp-json\/wp\/v2\/pages\/168","targetHints":{"allow":["GET"]}}],"collection":[{"href":"https:\/\/hrpark.hu\/de\/wp-json\/wp\/v2\/pages"}],"about":[{"href":"https:\/\/hrpark.hu\/de\/wp-json\/wp\/v2\/types\/page"}],"author":[{"embeddable":true,"href":"https:\/\/hrpark.hu\/de\/wp-json\/wp\/v2\/users\/1"}],"replies":[{"embeddable":true,"href":"https:\/\/hrpark.hu\/de\/wp-json\/wp\/v2\/comments?post=168"}],"version-history":[{"count":3,"href":"https:\/\/hrpark.hu\/de\/wp-json\/wp\/v2\/pages\/168\/revisions"}],"predecessor-version":[{"id":1259,"href":"https:\/\/hrpark.hu\/de\/wp-json\/wp\/v2\/pages\/168\/revisions\/1259"}],"wp:attachment":[{"href":"https:\/\/hrpark.hu\/de\/wp-json\/wp\/v2\/media?parent=168"}],"curies":[{"name":"wp","href":"https:\/\/api.w.org\/{rel}","templated":true}]}}