{"id":160,"date":"2025-04-08T12:27:08","date_gmt":"2025-04-08T10:27:08","guid":{"rendered":"https:\/\/hrpark.hu\/?page_id=160"},"modified":"2026-02-16T14:25:18","modified_gmt":"2026-02-16T13:25:18","slug":"cookie-milk-carton","status":"publish","type":"page","link":"https:\/\/hrpark.hu\/en\/cookie-milk-carton\/","title":{"rendered":"Cookie information leaflet"},"content":{"rendered":"<div data-elementor-type=\"wp-page\" data-elementor-id=\"160\" class=\"elementor elementor-160\" data-elementor-post-type=\"page\">\n\t\t\t\t<div class=\"elementor-element elementor-element-41d306d e-flex e-con-boxed e-con e-parent\" data-id=\"41d306d\" data-element_type=\"container\" data-e-type=\"container\" data-settings=\"{&quot;background_background&quot;:&quot;gradient&quot;}\">\n\t\t\t\t\t<div class=\"e-con-inner\">\n\t\t\t\t<div class=\"elementor-element elementor-element-96331c3 elementor-widget elementor-widget-heading\" data-id=\"96331c3\" data-element_type=\"widget\" data-e-type=\"widget\" data-widget_type=\"heading.default\">\n\t\t\t\t<div class=\"elementor-widget-container\">\n\t\t\t\t\t<h1 class=\"elementor-heading-title elementor-size-default\">Cookie information leaflet<\/h1>\t\t\t\t<\/div>\n\t\t\t\t<\/div>\n\t\t\t\t<div class=\"elementor-element elementor-element-3c9237d elementor-align-center elementor-widget elementor-widget-button\" data-id=\"3c9237d\" data-element_type=\"widget\" data-e-type=\"widget\" data-widget_type=\"button.default\">\n\t\t\t\t<div class=\"elementor-widget-container\">\n\t\t\t\t\t\t\t\t\t<div class=\"elementor-button-wrapper\">\n\t\t\t\t\t<a class=\"elementor-button elementor-button-link elementor-size-sm\" href=\"https:\/\/hrpark.hu\/en\">\n\t\t\t\t\t\t<span class=\"elementor-button-content-wrapper\">\n\t\t\t\t\t\t<span class=\"elementor-button-icon\">\n\t\t\t\t<svg aria-hidden=\"true\" class=\"e-font-icon-svg e-fas-long-arrow-alt-right\" viewbox=\"0 0 448 512\" xmlns=\"http:\/\/www.w3.org\/2000\/svg\"><path d=\"M313.941 216H12c-6.627 0-12 5.373-12 12v56c0 6.627 5.373 12 12 12h301.941v46.059c0 21.382 25.851 32.09 40.971 16.971l86.059-86.059c9.373-9.373 9.373-24.569 0-33.941l-86.059-86.059c-15.119-15.119-40.971-4.411-40.971 16.971V216z\"><\/path><\/svg>\t\t\t<\/span>\n\t\t\t\t\t\t\t\t\t<span class=\"elementor-button-text\">Back to the main page<\/span>\n\t\t\t\t\t<\/span>\n\t\t\t\t\t<\/a>\n\t\t\t\t<\/div>\n\t\t\t\t\t\t\t\t<\/div>\n\t\t\t\t<\/div>\n\t\t\t\t\t<\/div>\n\t\t\t\t<\/div>\n\t\t<div class=\"elementor-element elementor-element-1ed78ee e-flex e-con-boxed e-con e-parent\" data-id=\"1ed78ee\" data-element_type=\"container\" data-e-type=\"container\">\n\t\t\t\t\t<div class=\"e-con-inner\">\n\t\t\t\t<div class=\"elementor-element elementor-element-aa76a8c elementor-widget__width-inherit link elementor-widget elementor-widget-text-editor\" data-id=\"aa76a8c\" data-element_type=\"widget\" data-e-type=\"widget\" data-widget_type=\"text-editor.default\">\n\t\t\t\t<div class=\"elementor-widget-container\">\n\t\t\t\t\t\t\t\t\t<p>Effective: 1 July 2025.<\/p>\n<p>This cookie policy is intended for visitors to the website www.hrpark.hu (hereinafter referred to as the \"Website\") operated by HR Park, 1134 Budapest, V\u00e1ci \u00fat 45. Our aim is to inform you in a transparent way about the types of cookies we use and the settings you can make.<\/p>\n<p><strong>1. What are cookies?<\/strong><\/p>\n<p>Cookies are small data files that your browser stores on your computer or other device when you visit our website. Cookies do not contain executable program code, viruses or spyware and do not access any other data on your computer.<\/p>\n<p><strong>2. What cookies do we use?<\/strong><\/p>\n<ol>\n<li>a) Essential (necessary for operation) cookies<br>These cookies are essential for the basic functioning of the website, such as secure login or navigation. No specific consent is required for them.<\/li>\n<li>b) Statistical (analytical) cookies<br>They help us to understand how our visitors use the website (e.g. which pages they view, how much time they spend there), so we can improve the user experience. They are only activated with your prior consent.<\/li>\n<li>c) Cookies for marketing purposes<br>These may be placed by third parties (e.g. Google, Facebook) to show you personalised ads. We also ask for your consent to use marketing cookies.<\/li>\n<\/ol>\n<p><strong><br>3. Third-party cookies<\/strong><\/p>\n<p>Our Website may use cookies from third party providers, such as:<br>- Google Analytics (for visitor statistics)<br>- Facebook Pixel (to measure the effectiveness of marketing campaigns)<\/p>\n<p>These are governed by the service providers' own privacy policies.<\/p>\n<p><strong>4. Managing consent<\/strong><\/p>\n<p>On the cookie management interface that appears when you first visit our website, you have the option to:<br>- accept all cookies,<br>- choose which categories to contribute to,<br>- reject cookies that are not necessary.<\/p>\n<p>You can change the settings at any time via the \"Cookie settings\" link in the footer.<\/p>\n<p><strong>5. How can you delete cookies?<\/strong><\/p>\n<p>Most browsers accept cookies by default, but you can change this setting at any time. The links below will take you to the most common browsers' setup instructions:<\/p>\n<p>- Google Chrome: https:\/\/support.google.com\/accounts\/answer\/61416?hl=hu<br>- Mozilla Firefox: https:\/\/support.mozilla.org\/hu\/kb\/sutik-engedelyezese-es-tiltasa-amit-weboldak-hasznaln<br>- Microsoft Edge: https:\/\/support.microsoft.com\/hu-hu\/microsoft-edge<br>- Safari: https:\/\/support.apple.com\/hu-hu\/guide\/safari\/sfri11471\/mac<\/p>\n<p><strong>6. Contact us<\/strong><\/p>\n<p>If you have any questions about our cookie policy, please contact us:<\/p>\n<p>E-mail: <a href=\"mailto:info@hrpark.hu\">info@hrpark.hu<\/a><br>Postal address: 1133 Budapest, V\u00e1ci \u00fat 76.<\/p>\n<p>Updated: 1 July 2025.<br>The cookie policy may be updated from time to time. Please check back regularly for up-to-date information.<\/p>\t\t\t\t\t\t\t\t<\/div>\n\t\t\t\t<\/div>\n\t\t\t\t\t<\/div>\n\t\t\t\t<\/div>\n\t\t\t\t<\/div>","protected":false},"excerpt":{"rendered":"<p>Vissza a f\u0151oldalra Hat\u00e1lyos: 2025. j\u00falius 1. Ez a cookie szab\u00e1lyzat a www.hrpark.hu weboldal (a tov\u00e1bbiakban: \u201eWeboldal\u201d) l\u00e1togat\u00f3i sz\u00e1m\u00e1ra k\u00e9sz\u00fclt, amelyet a HR Park (sz\u00e9khely: 1134 Budapest, V\u00e1ci \u00fat 45.) \u00fczemeltet. C\u00e9lunk, hogy \u00e1tl\u00e1that\u00f3 m\u00f3don t\u00e1j\u00e9koztassuk \u00d6nt arr\u00f3l, milyen t\u00edpus\u00fa s\u00fctiket haszn\u00e1lunk, \u00e9s \u00d6n milyen be\u00e1ll\u00edt\u00e1si lehet\u0151s\u00e9gekkel \u00e9lhet. 1. Mik azok a s\u00fctik (cookie-k)? A [&hellip;]<\/p>","protected":false},"author":1,"featured_media":0,"parent":0,"menu_order":0,"comment_status":"closed","ping_status":"closed","template":"elementor_header_footer","meta":{"_seopress_robots_primary_cat":"","_seopress_titles_title":"","_seopress_titles_desc":"","_seopress_robots_index":"yes","footnotes":""},"class_list":["post-160","page","type-page","status-publish","hentry"],"_links":{"self":[{"href":"https:\/\/hrpark.hu\/en\/wp-json\/wp\/v2\/pages\/160","targetHints":{"allow":["GET"]}}],"collection":[{"href":"https:\/\/hrpark.hu\/en\/wp-json\/wp\/v2\/pages"}],"about":[{"href":"https:\/\/hrpark.hu\/en\/wp-json\/wp\/v2\/types\/page"}],"author":[{"embeddable":true,"href":"https:\/\/hrpark.hu\/en\/wp-json\/wp\/v2\/users\/1"}],"replies":[{"embeddable":true,"href":"https:\/\/hrpark.hu\/en\/wp-json\/wp\/v2\/comments?post=160"}],"version-history":[{"count":6,"href":"https:\/\/hrpark.hu\/en\/wp-json\/wp\/v2\/pages\/160\/revisions"}],"predecessor-version":[{"id":1409,"href":"https:\/\/hrpark.hu\/en\/wp-json\/wp\/v2\/pages\/160\/revisions\/1409"}],"wp:attachment":[{"href":"https:\/\/hrpark.hu\/en\/wp-json\/wp\/v2\/media?parent=160"}],"curies":[{"name":"wp","href":"https:\/\/api.w.org\/{rel}","templated":true}]}}